{"id":128,"date":"2023-05-12T07:55:09","date_gmt":"2023-05-12T07:55:09","guid":{"rendered":"https:\/\/congresos.contraelcancer.es\/castilla-la-mancha\/?page_id=128"},"modified":"2025-01-29T12:52:47","modified_gmt":"2025-01-29T11:52:47","slug":"registro","status":"publish","type":"page","link":"https:\/\/congresos.contraelcancer.es\/navarra\/registro\/","title":{"rendered":"Registro"},"content":{"rendered":"\t\t<div data-elementor-type=\"wp-page\" data-elementor-id=\"128\" class=\"elementor elementor-128\" data-elementor-post-type=\"page\">\n\t\t\t\t\t\t<section class=\"elementor-section elementor-top-section elementor-element elementor-element-9b859e1 elementor-section-full_width elementor-section-height-default elementor-section-height-default\" data-id=\"9b859e1\" data-element_type=\"section\" data-e-type=\"section\">\n\t\t\t\t\t\t<div class=\"elementor-container elementor-column-gap-default\">\n\t\t\t\t\t<div class=\"elementor-column elementor-col-50 elementor-top-column elementor-element elementor-element-36ed5e3\" data-id=\"36ed5e3\" data-element_type=\"column\" data-e-type=\"column\">\n\t\t\t<div class=\"elementor-widget-wrap elementor-element-populated\">\n\t\t\t\t\t\t<div class=\"elementor-element elementor-element-cf2b28c elementor-widget elementor-widget-text-editor\" data-id=\"cf2b28c\" data-element_type=\"widget\" data-e-type=\"widget\" data-widget_type=\"text-editor.default\">\n\t\t\t\t\t\t\t\t\t<p>INSCR\u00cdBETE<\/p>\t\t\t\t\t\t\t\t<\/div>\n\t\t\t\t<div class=\"elementor-element elementor-element-bc4f088 elementor-widget elementor-widget-heading\" data-id=\"bc4f088\" data-element_type=\"widget\" data-e-type=\"widget\" data-widget_type=\"heading.default\">\n\t\t\t\t\t<h2 class=\"elementor-heading-title elementor-size-default\">II Congreso Navarro de\npacientes y familiares<\/h2>\t\t\t\t<\/div>\n\t\t\t\t<div class=\"elementor-element elementor-element-3980309 elementor-widget elementor-widget-shortcode\" data-id=\"3980309\" data-element_type=\"widget\" data-e-type=\"widget\" data-widget_type=\"shortcode.default\">\n\t\t\t\t\t\t\t<div class=\"elementor-shortcode\"><div class=\"frm_forms  with_frm_style frm_style_estilos-formidable\" id=\"frm_form_9_container\" data-token=\"4b79d83ac3ca5aa813457723533ca613\">\n<form enctype=\"multipart\/form-data\" method=\"post\" class=\"frm-show-form  frm_js_validate  frm_pro_form \" id=\"form_registro3\" data-token=\"4b79d83ac3ca5aa813457723533ca613\">\n<div class=\"frm_form_fields \">\n<fieldset>\n<legend class=\"frm_screen_reader\">Registro Test<\/legend>\r\n\r\n<div class=\"frm_fields_container\">\n<input type=\"hidden\" name=\"frm_action\" value=\"create\" \/>\n<input type=\"hidden\" name=\"form_id\" value=\"9\" \/>\n<input type=\"hidden\" name=\"frm_hide_fields_9\" id=\"frm_hide_fields_9\" value=\"\" \/>\n<input type=\"hidden\" name=\"form_key\" value=\"registro3\" \/>\n<input type=\"hidden\" name=\"item_meta[0]\" value=\"\" \/>\n<input type=\"hidden\" id=\"frm_submit_entry_9\" name=\"frm_submit_entry_9\" value=\"1b2c58c14f\" \/><input type=\"hidden\" name=\"_wp_http_referer\" value=\"\/navarra\/wp-json\/wp\/v2\/pages\/128\" \/><div id=\"frm_field_87_container\" class=\"frm_form_field form-field  frm_required_field frm_top_container\">\r\n    <label for=\"field_g75v93\" id=\"field_g75v93_label\" class=\"frm_primary_label\">\r\n        <span class=\"frm_required\" aria-hidden=\"true\"><\/span>\r\n    <\/label>\r\n    <input  type=\"text\" id=\"field_g75v93\" name=\"item_meta[87]\" value=\"\"  placeholder=\"Nombre\" data-reqmsg=\"Este campo no puede estar en blanco.\" aria-required=\"true\" data-invmsg=\"Texto no es v\u00e1lido\" aria-invalid=\"false\"   \/>\r\n    \r\n    \r\n<\/div>\n<div id=\"frm_field_88_container\" class=\"frm_form_field form-field  frm_top_container\">\r\n    <label for=\"field_xt1vm3\" id=\"field_xt1vm3_label\" class=\"frm_primary_label\">\r\n        <span class=\"frm_required\" aria-hidden=\"true\"><\/span>\r\n    <\/label>\r\n    <input  type=\"text\" id=\"field_xt1vm3\" name=\"item_meta[88]\" value=\"\"  placeholder=\"Apellidos\" data-invmsg=\"Texto no es v\u00e1lido\" aria-invalid=\"false\"   \/>\r\n    \r\n    \r\n<\/div>\n<div id=\"frm_field_89_container\" class=\"frm_form_field form-field  frm_required_field frm_top_container\">\r\n    <label for=\"field_c1i9h3\" id=\"field_c1i9h3_label\" class=\"frm_primary_label\">\r\n        <span class=\"frm_required\" aria-hidden=\"true\"><\/span>\r\n    <\/label>\r\n    <input  type=\"text\" id=\"field_c1i9h3\" name=\"item_meta[89]\" value=\"\"  placeholder=\"DNI\" data-reqmsg=\"Este campo no puede estar en blanco.\" aria-required=\"true\" data-invmsg=\"Texto no es v\u00e1lido\" aria-invalid=\"false\"   \/>\r\n    \r\n    \r\n<\/div>\n<div id=\"frm_field_90_container\" class=\"frm_form_field form-field  frm_required_field frm_top_container\">\r\n    <label for=\"field_1dk1m3\" id=\"field_1dk1m3_label\" class=\"frm_primary_label\">\r\n        <span class=\"frm_required\" aria-hidden=\"true\"><\/span>\r\n    <\/label>\r\n    <input type=\"email\" id=\"field_1dk1m3\" name=\"item_meta[90]\" value=\"\"  placeholder=\"Email\" data-reqmsg=\"Este campo no puede estar en blanco.\" aria-required=\"true\" data-invmsg=\"Correo electr\u00f3nico no es v\u00e1lido\" aria-invalid=\"false\"  \/>\r\n    \r\n    \r\n<\/div>\n<div id=\"frm_field_91_container\" class=\"frm_form_field form-field  frm_required_field frm_top_container\">\r\n    <label for=\"field_9tgv93\" id=\"field_9tgv93_label\" class=\"frm_primary_label\">\r\n        <span class=\"frm_required\" aria-hidden=\"true\"><\/span>\r\n    <\/label>\r\n    <input type=\"tel\" id=\"field_9tgv93\" name=\"item_meta[91]\" value=\"\"  placeholder=\"Tel\u00e9fono\" data-reqmsg=\"Este campo no puede estar en blanco.\" aria-required=\"true\" data-invmsg=\"Tel\u00e9fono no es v\u00e1lido\" aria-invalid=\"false\" pattern=\"((\\+\\d{1,3}(-|.| )?\\(?\\d\\)?(-| |.)?\\d{1,5})|(\\(?\\d{2,6}\\)?))(-|.| )?(\\d{3,4})(-|.| )?(\\d{4})(( x| ext)\\d{1,5}){0,1}$\"  \/>\r\n    \r\n    \r\n<\/div>\n<div id=\"frm_field_98_container\" class=\"frm_form_field form-field  frm_top_container\">\n    <label for=\"field_ho31s\" id=\"field_ho31s_label\" class=\"frm_primary_label\">\n        <span class=\"frm_required\" aria-hidden=\"true\"><\/span>\n    <\/label>\n    <input  type=\"text\" id=\"field_ho31s\" name=\"item_meta[98]\" value=\"\"  placeholder=\"Municipio\" data-invmsg=\"Texto no es v\u00e1lido\" aria-invalid=\"false\"   \/>\n    \n    \n<\/div>\n<div id=\"frm_field_99_container\" class=\"frm_form_field form-field  frm_top_container vertical_radio\">\n    <div  id=\"field_v2f12_label\" class=\"frm_primary_label\">\u00bfTiene inter\u00e9s en asistir al congreso por alguno de los motivos siguientes?\n        <span class=\"frm_required\" aria-hidden=\"true\"><\/span>\n    <\/div>\n    <div class=\"frm_opt_container\" aria-labelledby=\"field_v2f12_label\" role=\"group\">\t\t<div class=\"frm_checkbox\" id=\"frm_checkbox_99-0\">\t\t\t<label  for=\"field_v2f12-0\">\n\t\t\t<input type=\"checkbox\" name=\"item_meta[99][]\" id=\"field_v2f12-0\" value=\"Haber sido diagnosticado de c\u00e1ncer en alg\u00fan momento de su vida\"  data-frmlimit=\"1\"  data-invmsg=\"\u00bfTiene inter\u00e9s en asistir al congreso por alguno de los motivos siguientes? no es v\u00e1lido\"   \/> Haber sido diagnosticado de c\u00e1ncer en alg\u00fan momento de su vida<\/label><\/div>\n\t\t<div class=\"frm_checkbox\" id=\"frm_checkbox_99-1\">\t\t\t<label  for=\"field_v2f12-1\">\n\t\t\t<input type=\"checkbox\" name=\"item_meta[99][]\" id=\"field_v2f12-1\" value=\"Tener o haber tenido un familiar cercano diagnosticado de c\u00e1ncer\"  data-frmlimit=\"1\"  data-invmsg=\"\u00bfTiene inter\u00e9s en asistir al congreso por alguno de los motivos siguientes? no es v\u00e1lido\"   \/> Tener o haber tenido un familiar cercano diagnosticado de c\u00e1ncer<\/label><\/div>\n\t\t<div class=\"frm_checkbox\" id=\"frm_checkbox_99-2\">\t\t\t<label  for=\"field_v2f12-2\">\n\t\t\t<input type=\"checkbox\" name=\"item_meta[99][]\" id=\"field_v2f12-2\" value=\"Trabajar en la atenci\u00f3n a personas con c\u00e1ncer\"  data-frmlimit=\"1\"  data-invmsg=\"\u00bfTiene inter\u00e9s en asistir al congreso por alguno de los motivos siguientes? no es v\u00e1lido\"   \/> Trabajar en la atenci\u00f3n a personas con c\u00e1ncer<\/label><\/div>\n\t\t<div class=\"frm_checkbox\" id=\"frm_checkbox_99-3\">\t\t\t<label  for=\"field_v2f12-3\">\n\t\t\t<input type=\"checkbox\" name=\"item_meta[99][]\" id=\"field_v2f12-3\" value=\"Ninguno de los anteriores\"  data-frmlimit=\"1\"  data-invmsg=\"\u00bfTiene inter\u00e9s en asistir al congreso por alguno de los motivos siguientes? no es v\u00e1lido\"   \/> Ninguno de los anteriores<\/label><\/div>\n<\/div>\n    \n    \n<\/div>\n<div id=\"frm_field_100_container\" class=\"frm_form_field form-field  frm_top_container\">\n    <label for=\"field_q5hr7\" id=\"field_q5hr7_label\" class=\"frm_primary_label\">\n        <span class=\"frm_required\" aria-hidden=\"true\"><\/span>\n    <\/label>\n    <input  type=\"text\" id=\"field_q5hr7\" name=\"item_meta[100]\" value=\"\"  placeholder=\"\u00bfEn que centro\/organizaci\u00f3n trabajas?\" data-invmsg=\"Texto no es v\u00e1lido\" aria-invalid=\"false\"   \/>\n    \n    \n<\/div>\n<div id=\"frm_field_93_container\" class=\"frm_form_field form-field  frm_top_container plazas-99999999-750-100-50-50-35\">\r\n    <label for=\"field_3gt1a3\" id=\"field_3gt1a3_label\" class=\"frm_primary_label\">\r\n        <span class=\"frm_required\" aria-hidden=\"true\"><\/span>\r\n    <\/label>\r\n    \t\t<select name=\"item_meta[93]\" id=\"field_3gt1a3\"  data-placeholder=\"\u00bfA qu\u00e9 taller quieres asistir de 18:00 a 18:45h?\"  placeholder=\"\u00bfA qu\u00e9 taller quieres asistir de 18:00 a 18:45h?\" data-invmsg=\"Este campo no es v\u00e1lido\" aria-invalid=\"false\"  >\n\t\t<option  class=\"frm-select-placeholder\" value=\"\" data-placeholder=\"true\">\u00bfA qu\u00e9 taller quieres asistir de 18:00 a 18:45h?<\/option><option  value=\"No deseo asistir a ninguno\">No deseo asistir a ninguno<\/option><option  value=\"Taller Sexualidad\">Taller Sexualidad<\/option><option  value=\"Taller Nutrici\u00f3n\">Taller Nutrici\u00f3n<\/option><option  value=\"Taller Iceberg de recursos\">Taller Iceberg de recursos<\/option><option  value=\"Taller la buena comuncicaci\u00f3n\">Taller la buena comuncicaci\u00f3n<\/option><option  value=\"Taller Resilencia fuente de sentido\">Taller Resilencia fuente de sentido<\/option>\t<\/select>\n\t\r\n    \r\n    \r\n<\/div>\n<div id=\"frm_field_94_container\" class=\"frm_form_field form-field  frm_top_container plazas-9999999-750-100-50-50-35\">\r\n    <label for=\"field_erwkq2\" id=\"field_erwkq2_label\" class=\"frm_primary_label\">\r\n        <span class=\"frm_required\" aria-hidden=\"true\"><\/span>\r\n    <\/label>\r\n    \t\t<select name=\"item_meta[94]\" id=\"field_erwkq2\"  data-placeholder=\"\u00bfA qu\u00e9 talleres quieres asistir de 18:45 a 19:30?\"  placeholder=\"\u00bfA qu\u00e9 talleres quieres asistir de 18:45 a 19:30?\" data-invmsg=\"Este campo no es v\u00e1lido\" aria-invalid=\"false\"  >\n\t\t<option  class=\"frm-select-placeholder\" value=\"\" data-placeholder=\"true\">\u00bfA qu\u00e9 talleres quieres asistir de 18:45 a 19:30?<\/option><option  value=\"No deseo asistir a ninguno\">No deseo asistir a ninguno<\/option><option  value=\"Taller Autoestima e imagen personal\">Taller Autoestima e imagen personal<\/option><option  value=\"Taller Ejercicio F\u00edsico\">Taller Ejercicio F\u00edsico<\/option><option  value=\"Taller Autocuidado del familiar\">Taller Autocuidado del familiar<\/option><option  value=\"Taller La dictadura del optimismo\">Taller La dictadura del optimismo<\/option><option  value=\"Taller La compasi\u00f3n bien entendida\">Taller La compasi\u00f3n bien entendida<\/option>\t<\/select>\n\t\r\n    \r\n    \r\n<\/div>\n<div id=\"frm_field_101_container\" class=\"frm_form_field form-field  frm_top_container plazas-9999999-750-100-50-50-35\">\r\n    <label for=\"field_4i0i7\" id=\"field_4i0i7_label\" class=\"frm_primary_label\">\r\n        <span class=\"frm_required\" aria-hidden=\"true\"><\/span>\r\n    <\/label>\r\n    \t\t<select name=\"item_meta[101]\" id=\"field_4i0i7\"  data-placeholder=\"\u00bfA qu\u00e9 talleres quieres asistir de 18:45 a 19:30?\"  placeholder=\"\u00bfA qu\u00e9 talleres quieres asistir de 18:45 a 19:30?\" data-invmsg=\"Este campo no es v\u00e1lido\" aria-invalid=\"false\"  >\n\t\t<option  class=\"frm-select-placeholder\" value=\"\" data-placeholder=\"true\">\u00bfA qu\u00e9 talleres quieres asistir de 18:45 a 19:30?<\/option><option  value=\"No deseo asistir a ninguno\">No deseo asistir a ninguno<\/option><option  value=\"Taller Autoestima e imagen personal\">Taller Autoestima e imagen personal<\/option><option  value=\"Taller Ejercicio F\u00edsico\">Taller Ejercicio F\u00edsico<\/option><option  value=\"Taller Autocuidado del familiar\">Taller Autocuidado del familiar<\/option><option  value=\"Taller La dictadura del optimismo\">Taller La dictadura del optimismo<\/option><option  value=\"Taller La compasi\u00f3n bien entendida\">Taller La compasi\u00f3n bien entendida<\/option>\t<\/select>\n\t\r\n    \r\n    \r\n<\/div>\n<div id=\"frm_field_95_container\" class=\"frm_form_field form-field  frm_top_container vertical_radio\">\r\n    <div  id=\"field_w17ct3_label\" class=\"frm_primary_label\">\r\n        <span class=\"frm_required\" aria-hidden=\"true\"><\/span>\r\n    <\/div>\r\n    <div class=\"frm_opt_container\" aria-labelledby=\"field_w17ct3_label\" role=\"group\">\t\t<div class=\"frm_checkbox\" id=\"frm_checkbox_95-1\">\t\t\t<label  for=\"field_w17ct3-1\">\n\t\t\t<input type=\"checkbox\" name=\"item_meta[95][]\" id=\"field_w17ct3-1\" value=\"Justificante de asistencia\"  data-invmsg=\"Este campo no es v\u00e1lido\"   \/> Justificante de asistencia<\/label><\/div>\n\t\t<div class=\"frm_checkbox\" id=\"frm_checkbox_95-2\">\t\t\t<label  for=\"field_w17ct3-2\">\n\t\t\t<input type=\"checkbox\" name=\"item_meta[95][]\" id=\"field_w17ct3-2\" value=\"Autorizo la recepci\u00f3n de comunicaciones a trav\u00e9s de e-mail sobre noticias y eventos relacionados con la Asociaci\u00f3n\"  data-invmsg=\"Este campo no es v\u00e1lido\"   \/> Autorizo la recepci\u00f3n de comunicaciones a trav\u00e9s de e-mail sobre noticias y eventos relacionados con la Asociaci\u00f3n<\/label><\/div>\n<\/div>\r\n    \r\n    \r\n<\/div>\n<div id=\"frm_field_96_container\" class=\"frm_form_field form-field  frm_required_field frm_top_container vertical_radio\">\r\n    <div  id=\"field_4htgn3_label\" class=\"frm_primary_label\">\r\n        <span class=\"frm_required\" aria-hidden=\"true\"><\/span>\r\n    <\/div>\r\n    <div class=\"frm_opt_container\" aria-labelledby=\"field_4htgn3_label\" role=\"group\">\t\t<div class=\"frm_checkbox\" id=\"frm_checkbox_96-0\">\t\t\t<label  for=\"field_4htgn3-0\">\n\t\t\t<input type=\"checkbox\" name=\"item_meta[96][]\" id=\"field_4htgn3-0\" value=\"He le\u00eddo y acepto la pol\u00edtica de privacidad.\"  data-reqmsg=\"Este campo no puede estar en blanco.\" data-invmsg=\"Este campo no es v\u00e1lido\"   aria-required=\"true\"  \/> He le\u00eddo y acepto la pol\u00edtica de privacidad.<\/label><\/div>\n<\/div>\r\n    \r\n    \r\n<\/div>\n<div id=\"frm_field_97_container\" class=\"frm_form_field form-field  frm_none_container\">\r\n    <label for=\"g-recaptcha-response\" id=\"field_hhodm3_label\" class=\"frm_primary_label\">Captcha\r\n        <span class=\"frm_required\" aria-hidden=\"true\"><\/span>\r\n    <\/label>\r\n    <div  id=\"field_hhodm3\" class=\"frm-g-recaptcha\" data-sitekey=\"6LezOgwoAAAAAHRGPAouvhA3w9QZmyAm3BNA_ek6\" data-size=\"normal\" data-theme=\"light\"><\/div>\r\n    \r\n    \r\n<\/div>\n\t<input type=\"hidden\" name=\"item_key\" value=\"\" \/>\n\t\t\t<div id=\"frm_field_102_container\">\n\t\t\t<label for=\"field_durui\" >\n\t\t\t\tSi eres humano, deja este campo en blanco.\t\t\t<\/label>\n\t\t\t<input  id=\"field_durui\" type=\"text\" class=\"frm_form_field form-field frm_verify\" name=\"item_meta[102]\" value=\"\"  \/>\n\t\t<\/div>\n\t\t<input name=\"frm_state\" type=\"hidden\" value=\"AhzCB8\/oSflU6Yw19gdiQLNvGkasDybT1fU2HDW6Sx2+djQI5yRF5p5IyrEY76oM\" \/><div class=\"frm_submit\">\r\n\r\n<button class=\"frm_button_submit frm_final_submit\" type=\"submit\"   formnovalidate=\"formnovalidate\">Enviar<\/button>\r\n\r\n\r\n<\/div><\/div>\n<\/fieldset>\n<\/div>\n\n<\/form>\n<\/div>\n<\/div>\n\t\t\t\t\t\t<\/div>\n\t\t\t\t\t<\/div>\n\t\t<\/div>\n\t\t\t\t<div class=\"elementor-column elementor-col-50 elementor-top-column elementor-element elementor-element-e748eac\" data-id=\"e748eac\" data-element_type=\"column\" data-e-type=\"column\" data-settings=\"{&quot;background_background&quot;:&quot;classic&quot;}\">\n\t\t\t<div class=\"elementor-widget-wrap elementor-element-populated\">\n\t\t\t\t\t\t<div class=\"elementor-element elementor-element-e763527 elementor-widget elementor-widget-spacer\" data-id=\"e763527\" data-element_type=\"widget\" data-e-type=\"widget\" data-widget_type=\"spacer.default\">\n\t\t\t\t\t\t\t<div class=\"elementor-spacer\">\n\t\t\t<div class=\"elementor-spacer-inner\"><\/div>\n\t\t<\/div>\n\t\t\t\t\t\t<\/div>\n\t\t\t\t\t<\/div>\n\t\t<\/div>\n\t\t\t\t\t<\/div>\n\t\t<\/section>\n\t\t\t\t<section class=\"elementor-section elementor-top-section elementor-element elementor-element-5835f07 elementor-section-stretched elementor-section-boxed elementor-section-height-default elementor-section-height-default\" data-id=\"5835f07\" data-element_type=\"section\" data-e-type=\"section\" data-settings=\"{&quot;stretch_section&quot;:&quot;section-stretched&quot;,&quot;background_background&quot;:&quot;classic&quot;}\">\n\t\t\t\t\t\t<div class=\"elementor-container elementor-column-gap-default\">\n\t\t\t\t\t<div class=\"elementor-column elementor-col-100 elementor-top-column elementor-element elementor-element-c2e7623\" data-id=\"c2e7623\" data-element_type=\"column\" data-e-type=\"column\">\n\t\t\t<div class=\"elementor-widget-wrap elementor-element-populated\">\n\t\t\t\t\t\t<div class=\"elementor-element elementor-element-8140d83 elementor-position-inline-start elementor-mobile-position-inline-start elementor-widget__width-auto elementor-view-default elementor-widget elementor-widget-icon-box\" data-id=\"8140d83\" data-element_type=\"widget\" data-e-type=\"widget\" data-widget_type=\"icon-box.default\">\n\t\t\t\t\t\t\t<div class=\"elementor-icon-box-wrapper\">\n\n\t\t\t\t\t\t<div class=\"elementor-icon-box-icon\">\n\t\t\t\t<span  class=\"elementor-icon\">\n\t\t\t\t<svg xmlns=\"http:\/\/www.w3.org\/2000\/svg\" xmlns:xlink=\"http:\/\/www.w3.org\/1999\/xlink\" id=\"Capa_1\" x=\"0px\" y=\"0px\" viewBox=\"0 0 39 39\" style=\"enable-background:new 0 0 39 39;\" xml:space=\"preserve\"><style type=\"text\/css\">\t.st0{fill:#001955;}<\/style><path class=\"st0\" d=\"M28.2,35.7c-6.6,0-13-2.6-17.7-7.3c-4.7-4.7-7.3-11-7.3-17.7c0-2,0.8-3.9,2.2-5.3s3.3-2.2,5.3-2.2 c0.4,0,0.8,0,1.2,0.1c0.4,0.1,0.8,0.2,1.2,0.3c0.3,0.1,0.5,0.3,0.7,0.5c0.2,0.2,0.3,0.5,0.4,0.7l2.2,9.7c0.1,0.3,0.1,0.5,0,0.8 c-0.1,0.3-0.2,0.5-0.4,0.7c-0.2,0.2-0.2,0.2-2.2,1.3c1.6,3.5,4.4,6.3,7.9,7.9c1.1-2,1.1-2,1.3-2.2c0.2-0.2,0.4-0.3,0.7-0.4 c0.3-0.1,0.5-0.1,0.8,0l9.7,2.2c0.3,0.1,0.5,0.2,0.7,0.4c0.2,0.2,0.4,0.4,0.4,0.7c0.1,0.4,0.2,0.8,0.3,1.2c0.1,0.4,0.1,0.8,0.1,1.2 c0,2-0.8,3.9-2.2,5.2C32.1,35,30.2,35.7,28.2,35.7z\"><\/path><\/svg>\t\t\t\t<\/span>\n\t\t\t<\/div>\n\t\t\t\n\t\t\t\t\t\t<div class=\"elementor-icon-box-content\">\n\n\t\t\t\t\t\t\t\t\t<p class=\"elementor-icon-box-title\">\n\t\t\t\t\t\t<span  >\n\t\t\t\t\t\t\t948 21 26 97\t\t\t\t\t\t<\/span>\n\t\t\t\t\t<\/p>\n\t\t\t\t\n\t\t\t\t\n\t\t\t<\/div>\n\t\t\t\n\t\t<\/div>\n\t\t\t\t\t\t<\/div>\n\t\t\t\t<div class=\"elementor-element elementor-element-2aef86d elementor-position-inline-start elementor-mobile-position-inline-start elementor-widget__width-auto elementor-view-default elementor-widget elementor-widget-icon-box\" data-id=\"2aef86d\" data-element_type=\"widget\" data-e-type=\"widget\" data-widget_type=\"icon-box.default\">\n\t\t\t\t\t\t\t<div class=\"elementor-icon-box-wrapper\">\n\n\t\t\t\t\t\t<div class=\"elementor-icon-box-icon\">\n\t\t\t\t<span  class=\"elementor-icon\">\n\t\t\t\t<svg xmlns=\"http:\/\/www.w3.org\/2000\/svg\" xmlns:xlink=\"http:\/\/www.w3.org\/1999\/xlink\" id=\"Capa_1\" x=\"0px\" y=\"0px\" viewBox=\"0 0 39 31\" style=\"enable-background:new 0 0 39 31;\" xml:space=\"preserve\"><style type=\"text\/css\">\t.st0{fill:#001955;}<\/style><path class=\"st0\" d=\"M7.1,0C3.7,0,0.9,2.8,0.9,6.2v0.6l18.6,10l18.6-10V6.2c0-3.4-2.8-6.2-6.2-6.2H7.1z\"><\/path><path class=\"st0\" d=\"M38.1,10.4L20.3,20c-0.5,0.2-1,0.2-1.5,0L0.9,10.4v14.4c0,3.4,2.8,6.2,6.2,6.2h24.8c3.4,0,6.2-2.8,6.2-6.2V10.4 z\"><\/path><\/svg>\t\t\t\t<\/span>\n\t\t\t<\/div>\n\t\t\t\n\t\t\t\t\t\t<div class=\"elementor-icon-box-content\">\n\n\t\t\t\t\t\t\t\t\t<p class=\"elementor-icon-box-title\">\n\t\t\t\t\t\t<span  >\n\t\t\t\t\t\t\tcongresonavarra@contraelcancer.es\t\t\t\t\t\t<\/span>\n\t\t\t\t\t<\/p>\n\t\t\t\t\n\t\t\t\t\n\t\t\t<\/div>\n\t\t\t\n\t\t<\/div>\n\t\t\t\t\t\t<\/div>\n\t\t\t\t\t<\/div>\n\t\t<\/div>\n\t\t\t\t\t<\/div>\n\t\t<\/section>\n\t\t\t\t<\/div>\n\t\t","protected":false},"excerpt":{"rendered":"<p>INSCR\u00cdBETE II Congreso Navarro de pacientes y familiares 948 21 26 97 congresonavarra@contraelcancer.es<\/p>\n","protected":false},"author":1,"featured_media":0,"parent":0,"menu_order":0,"comment_status":"closed","ping_status":"closed","template":"elementor_header_footer","meta":{"_acf_changed":false,"footnotes":""},"class_list":["post-128","page","type-page","status-publish","hentry"],"acf":[],"yoast_head":"<!-- This site is optimized with the Yoast SEO Premium plugin v21.3 (Yoast SEO v27.4) - https:\/\/yoast.com\/product\/yoast-seo-premium-wordpress\/ -->\n<title>Registro - Navarra<\/title>\n<meta name=\"robots\" content=\"index, follow, max-snippet:-1, max-image-preview:large, max-video-preview:-1\" \/>\n<link rel=\"canonical\" href=\"https:\/\/congresos.contraelcancer.es\/navarra\/registro\/\" \/>\n<meta property=\"og:locale\" content=\"es_ES\" \/>\n<meta property=\"og:type\" content=\"article\" \/>\n<meta property=\"og:title\" content=\"Registro - Navarra\" \/>\n<meta property=\"og:description\" content=\"INSCR\u00cdBETE II Congreso Navarro de pacientes y familiares 948 21 26 97 congresonavarra@contraelcancer.es\" \/>\n<meta property=\"og:url\" content=\"https:\/\/congresos.contraelcancer.es\/navarra\/registro\/\" \/>\n<meta property=\"og:site_name\" content=\"Navarra\" \/>\n<meta property=\"article:modified_time\" content=\"2025-01-29T11:52:47+00:00\" \/>\n<meta name=\"twitter:card\" content=\"summary_large_image\" \/>\n<meta name=\"twitter:label1\" content=\"Tiempo de lectura\" \/>\n\t<meta name=\"twitter:data1\" content=\"1 minuto\" \/>\n<script type=\"application\/ld+json\" class=\"yoast-schema-graph\">{\"@context\":\"https:\\\/\\\/schema.org\",\"@graph\":[{\"@type\":\"WebPage\",\"@id\":\"https:\\\/\\\/congresos.contraelcancer.es\\\/navarra\\\/registro\\\/\",\"url\":\"https:\\\/\\\/congresos.contraelcancer.es\\\/navarra\\\/registro\\\/\",\"name\":\"Registro - Navarra\",\"isPartOf\":{\"@id\":\"https:\\\/\\\/congresos.contraelcancer.es\\\/navarra\\\/#website\"},\"datePublished\":\"2023-05-12T07:55:09+00:00\",\"dateModified\":\"2025-01-29T11:52:47+00:00\",\"inLanguage\":\"es\",\"potentialAction\":[{\"@type\":\"ReadAction\",\"target\":[\"https:\\\/\\\/congresos.contraelcancer.es\\\/navarra\\\/registro\\\/\"]}]},{\"@type\":\"WebSite\",\"@id\":\"https:\\\/\\\/congresos.contraelcancer.es\\\/navarra\\\/#website\",\"url\":\"https:\\\/\\\/congresos.contraelcancer.es\\\/navarra\\\/\",\"name\":\"Navarra\",\"description\":\"Asociaci\u00f3n espa\u00f1ola contra el c\u00e1ncer\",\"potentialAction\":[{\"@type\":\"SearchAction\",\"target\":{\"@type\":\"EntryPoint\",\"urlTemplate\":\"https:\\\/\\\/congresos.contraelcancer.es\\\/navarra\\\/?s={search_term_string}\"},\"query-input\":{\"@type\":\"PropertyValueSpecification\",\"valueRequired\":true,\"valueName\":\"search_term_string\"}}],\"inLanguage\":\"es\"}]}<\/script>\n<!-- \/ Yoast SEO Premium plugin. -->","yoast_head_json":{"title":"Registro - Navarra","robots":{"index":"index","follow":"follow","max-snippet":"max-snippet:-1","max-image-preview":"max-image-preview:large","max-video-preview":"max-video-preview:-1"},"canonical":"https:\/\/congresos.contraelcancer.es\/navarra\/registro\/","og_locale":"es_ES","og_type":"article","og_title":"Registro - Navarra","og_description":"INSCR\u00cdBETE II Congreso Navarro de pacientes y familiares 948 21 26 97 congresonavarra@contraelcancer.es","og_url":"https:\/\/congresos.contraelcancer.es\/navarra\/registro\/","og_site_name":"Navarra","article_modified_time":"2025-01-29T11:52:47+00:00","twitter_card":"summary_large_image","twitter_misc":{"Tiempo de lectura":"1 minuto"},"schema":{"@context":"https:\/\/schema.org","@graph":[{"@type":"WebPage","@id":"https:\/\/congresos.contraelcancer.es\/navarra\/registro\/","url":"https:\/\/congresos.contraelcancer.es\/navarra\/registro\/","name":"Registro - Navarra","isPartOf":{"@id":"https:\/\/congresos.contraelcancer.es\/navarra\/#website"},"datePublished":"2023-05-12T07:55:09+00:00","dateModified":"2025-01-29T11:52:47+00:00","inLanguage":"es","potentialAction":[{"@type":"ReadAction","target":["https:\/\/congresos.contraelcancer.es\/navarra\/registro\/"]}]},{"@type":"WebSite","@id":"https:\/\/congresos.contraelcancer.es\/navarra\/#website","url":"https:\/\/congresos.contraelcancer.es\/navarra\/","name":"Navarra","description":"Asociaci\u00f3n espa\u00f1ola contra el c\u00e1ncer","potentialAction":[{"@type":"SearchAction","target":{"@type":"EntryPoint","urlTemplate":"https:\/\/congresos.contraelcancer.es\/navarra\/?s={search_term_string}"},"query-input":{"@type":"PropertyValueSpecification","valueRequired":true,"valueName":"search_term_string"}}],"inLanguage":"es"}]}},"_links":{"self":[{"href":"https:\/\/congresos.contraelcancer.es\/navarra\/wp-json\/wp\/v2\/pages\/128","targetHints":{"allow":["GET"]}}],"collection":[{"href":"https:\/\/congresos.contraelcancer.es\/navarra\/wp-json\/wp\/v2\/pages"}],"about":[{"href":"https:\/\/congresos.contraelcancer.es\/navarra\/wp-json\/wp\/v2\/types\/page"}],"author":[{"embeddable":true,"href":"https:\/\/congresos.contraelcancer.es\/navarra\/wp-json\/wp\/v2\/users\/1"}],"replies":[{"embeddable":true,"href":"https:\/\/congresos.contraelcancer.es\/navarra\/wp-json\/wp\/v2\/comments?post=128"}],"version-history":[{"count":69,"href":"https:\/\/congresos.contraelcancer.es\/navarra\/wp-json\/wp\/v2\/pages\/128\/revisions"}],"predecessor-version":[{"id":2607,"href":"https:\/\/congresos.contraelcancer.es\/navarra\/wp-json\/wp\/v2\/pages\/128\/revisions\/2607"}],"wp:attachment":[{"href":"https:\/\/congresos.contraelcancer.es\/navarra\/wp-json\/wp\/v2\/media?parent=128"}],"curies":[{"name":"wp","href":"https:\/\/api.w.org\/{rel}","templated":true}]}}