{"id":128,"date":"2023-05-12T07:55:09","date_gmt":"2023-05-12T07:55:09","guid":{"rendered":"https:\/\/congresos.contraelcancer.es\/castilla-la-mancha\/?page_id=128"},"modified":"2025-01-29T12:01:38","modified_gmt":"2025-01-29T12:01:38","slug":"registro","status":"publish","type":"page","link":"https:\/\/congresos.contraelcancer.es\/islas-canarias\/registro\/","title":{"rendered":"Registro"},"content":{"rendered":"\t\t<div data-elementor-type=\"wp-page\" data-elementor-id=\"128\" class=\"elementor elementor-128\" data-elementor-post-type=\"page\">\n\t\t\t\t\t\t<section class=\"elementor-section elementor-top-section elementor-element elementor-element-eadb2f6 elementor-section-full_width elementor-section-height-default elementor-section-height-default\" data-id=\"eadb2f6\" data-element_type=\"section\">\n\t\t\t\t\t\t<div class=\"elementor-container elementor-column-gap-default\">\n\t\t\t\t\t<div class=\"elementor-column elementor-col-50 elementor-top-column elementor-element elementor-element-8860832\" data-id=\"8860832\" data-element_type=\"column\">\n\t\t\t<div class=\"elementor-widget-wrap elementor-element-populated\">\n\t\t\t\t\t\t<div class=\"elementor-element elementor-element-3b79acb elementor-widget elementor-widget-text-editor\" data-id=\"3b79acb\" data-element_type=\"widget\" data-widget_type=\"text-editor.default\">\n\t\t\t\t\t\t\t\t\t<p>INSCR\u00cdBETE<\/p>\t\t\t\t\t\t\t\t<\/div>\n\t\t\t\t<div class=\"elementor-element elementor-element-cef6e8f elementor-widget elementor-widget-heading\" data-id=\"cef6e8f\" data-element_type=\"widget\" data-widget_type=\"heading.default\">\n\t\t\t\t\t<h2 class=\"elementor-heading-title elementor-size-default\">III Congreso de Canarias de pacientes con c\u00e1ncer y familiares. <\/h2>\t\t\t\t<\/div>\n\t\t\t\t<div class=\"elementor-element elementor-element-d99b523 elementor-widget elementor-widget-heading\" data-id=\"d99b523\" data-element_type=\"widget\" data-widget_type=\"heading.default\">\n\t\t\t\t\t<h2 class=\"elementor-heading-title elementor-size-default\">Si necesita ayuda con la inscripci\u00f3n, llame al 900 100 036.<\/h2>\t\t\t\t<\/div>\n\t\t\t\t<div class=\"elementor-element elementor-element-1ec5a3d elementor-widget elementor-widget-shortcode\" data-id=\"1ec5a3d\" data-element_type=\"widget\" data-widget_type=\"shortcode.default\">\n\t\t\t\t\t\t\t<div class=\"elementor-shortcode\"><p>\u00a1Hemos cerrado inscripciones, muchas gracias por tu inter\u00e9s y nos vemos muy pronto! Si desea asistir y no ha podido inscribirse en \r\n plazo contacte con congresocanarias@contraelcancer.es y valoraremos su petici\u00f3n<\/p><\/div>\n\t\t\t\t\t\t<\/div>\n\t\t\t\t\t<\/div>\n\t\t<\/div>\n\t\t\t\t<div class=\"elementor-column elementor-col-50 elementor-top-column elementor-element elementor-element-d845581\" data-id=\"d845581\" data-element_type=\"column\" data-settings=\"{&quot;background_background&quot;:&quot;classic&quot;}\">\n\t\t\t<div class=\"elementor-widget-wrap elementor-element-populated\">\n\t\t\t\t\t\t<div class=\"elementor-element elementor-element-3fb139f elementor-widget elementor-widget-spacer\" data-id=\"3fb139f\" data-element_type=\"widget\" data-widget_type=\"spacer.default\">\n\t\t\t\t\t\t\t<div class=\"elementor-spacer\">\n\t\t\t<div class=\"elementor-spacer-inner\"><\/div>\n\t\t<\/div>\n\t\t\t\t\t\t<\/div>\n\t\t\t\t\t<\/div>\n\t\t<\/div>\n\t\t\t\t\t<\/div>\n\t\t<\/section>\n\t\t\t\t<section class=\"elementor-section elementor-top-section elementor-element elementor-element-d873489 elementor-section-stretched elementor-section-boxed elementor-section-height-default elementor-section-height-default\" data-id=\"d873489\" data-element_type=\"section\" data-settings=\"{&quot;stretch_section&quot;:&quot;section-stretched&quot;,&quot;background_background&quot;:&quot;classic&quot;}\">\n\t\t\t\t\t\t<div class=\"elementor-container elementor-column-gap-default\">\n\t\t\t\t\t<div class=\"elementor-column elementor-col-100 elementor-top-column elementor-element elementor-element-d9f3835\" data-id=\"d9f3835\" data-element_type=\"column\">\n\t\t\t<div class=\"elementor-widget-wrap elementor-element-populated\">\n\t\t\t\t\t\t<div class=\"elementor-element elementor-element-52857ca elementor-position-left elementor-mobile-position-left elementor-widget__width-auto elementor-view-default elementor-widget elementor-widget-icon-box\" data-id=\"52857ca\" data-element_type=\"widget\" data-widget_type=\"icon-box.default\">\n\t\t\t\t\t\t\t<div class=\"elementor-icon-box-wrapper\">\n\n\t\t\t\t\t\t<div class=\"elementor-icon-box-icon\">\n\t\t\t\t<span  class=\"elementor-icon\">\n\t\t\t\t<svg xmlns=\"http:\/\/www.w3.org\/2000\/svg\" xmlns:xlink=\"http:\/\/www.w3.org\/1999\/xlink\" id=\"Capa_1\" x=\"0px\" y=\"0px\" viewBox=\"0 0 39 39\" style=\"enable-background:new 0 0 39 39;\" xml:space=\"preserve\"><style type=\"text\/css\">\t.st0{fill:#001955;}<\/style><path class=\"st0\" d=\"M28.2,35.7c-6.6,0-13-2.6-17.7-7.3c-4.7-4.7-7.3-11-7.3-17.7c0-2,0.8-3.9,2.2-5.3s3.3-2.2,5.3-2.2 c0.4,0,0.8,0,1.2,0.1c0.4,0.1,0.8,0.2,1.2,0.3c0.3,0.1,0.5,0.3,0.7,0.5c0.2,0.2,0.3,0.5,0.4,0.7l2.2,9.7c0.1,0.3,0.1,0.5,0,0.8 c-0.1,0.3-0.2,0.5-0.4,0.7c-0.2,0.2-0.2,0.2-2.2,1.3c1.6,3.5,4.4,6.3,7.9,7.9c1.1-2,1.1-2,1.3-2.2c0.2-0.2,0.4-0.3,0.7-0.4 c0.3-0.1,0.5-0.1,0.8,0l9.7,2.2c0.3,0.1,0.5,0.2,0.7,0.4c0.2,0.2,0.4,0.4,0.4,0.7c0.1,0.4,0.2,0.8,0.3,1.2c0.1,0.4,0.1,0.8,0.1,1.2 c0,2-0.8,3.9-2.2,5.2C32.1,35,30.2,35.7,28.2,35.7z\"><\/path><\/svg>\t\t\t\t<\/span>\n\t\t\t<\/div>\n\t\t\t\n\t\t\t\t\t\t<div class=\"elementor-icon-box-content\">\n\n\t\t\t\t\t\t\t\t\t<p class=\"elementor-icon-box-title\">\n\t\t\t\t\t\t<span  >\n\t\t\t\t\t\t\t900 100 036\t\t\t\t\t\t<\/span>\n\t\t\t\t\t<\/p>\n\t\t\t\t\n\t\t\t\t\n\t\t\t<\/div>\n\t\t\t\n\t\t<\/div>\n\t\t\t\t\t\t<\/div>\n\t\t\t\t<div class=\"elementor-element elementor-element-529dadb elementor-position-left elementor-mobile-position-left elementor-widget__width-auto elementor-view-default elementor-widget elementor-widget-icon-box\" data-id=\"529dadb\" data-element_type=\"widget\" data-widget_type=\"icon-box.default\">\n\t\t\t\t\t\t\t<div class=\"elementor-icon-box-wrapper\">\n\n\t\t\t\t\t\t<div class=\"elementor-icon-box-icon\">\n\t\t\t\t<span  class=\"elementor-icon\">\n\t\t\t\t<svg xmlns=\"http:\/\/www.w3.org\/2000\/svg\" xmlns:xlink=\"http:\/\/www.w3.org\/1999\/xlink\" id=\"Capa_1\" x=\"0px\" y=\"0px\" viewBox=\"0 0 39 31\" style=\"enable-background:new 0 0 39 31;\" xml:space=\"preserve\"><style type=\"text\/css\">\t.st0{fill:#001955;}<\/style><path class=\"st0\" d=\"M7.1,0C3.7,0,0.9,2.8,0.9,6.2v0.6l18.6,10l18.6-10V6.2c0-3.4-2.8-6.2-6.2-6.2H7.1z\"><\/path><path class=\"st0\" d=\"M38.1,10.4L20.3,20c-0.5,0.2-1,0.2-1.5,0L0.9,10.4v14.4c0,3.4,2.8,6.2,6.2,6.2h24.8c3.4,0,6.2-2.8,6.2-6.2V10.4 z\"><\/path><\/svg>\t\t\t\t<\/span>\n\t\t\t<\/div>\n\t\t\t\n\t\t\t\t\t\t<div class=\"elementor-icon-box-content\">\n\n\t\t\t\t\t\t\t\t\t<p class=\"elementor-icon-box-title\">\n\t\t\t\t\t\t<span  >\n\t\t\t\t\t\t\tcongresocanarias@contraelcancer.es\t\t\t\t\t\t<\/span>\n\t\t\t\t\t<\/p>\n\t\t\t\t\n\t\t\t\t\n\t\t\t<\/div>\n\t\t\t\n\t\t<\/div>\n\t\t\t\t\t\t<\/div>\n\t\t\t\t\t<\/div>\n\t\t<\/div>\n\t\t\t\t\t<\/div>\n\t\t<\/section>\n\t\t\t\t<\/div>\n\t\t","protected":false},"excerpt":{"rendered":"<p>INSCR\u00cdBETE III Congreso de Canarias de pacientes con c\u00e1ncer y familiares. Si necesita ayuda con la inscripci\u00f3n, llame al 900 100 036. 900 100 036 congresocanarias@contraelcancer.es<\/p>\n","protected":false},"author":1,"featured_media":0,"parent":0,"menu_order":0,"comment_status":"closed","ping_status":"closed","template":"elementor_header_footer","meta":{"_acf_changed":false,"footnotes":""},"class_list":["post-128","page","type-page","status-publish","hentry"],"acf":[],"yoast_head":"<!-- This site is optimized with the Yoast SEO Premium plugin v21.3 (Yoast SEO v26.0) - https:\/\/yoast.com\/wordpress\/plugins\/seo\/ -->\n<title>Registro - Islas Canarias<\/title>\n<meta name=\"robots\" content=\"index, follow, max-snippet:-1, max-image-preview:large, max-video-preview:-1\" \/>\n<link rel=\"canonical\" href=\"https:\/\/congresos.contraelcancer.es\/islas-canarias\/registro\/\" \/>\n<meta property=\"og:locale\" content=\"es_ES\" \/>\n<meta property=\"og:type\" content=\"article\" \/>\n<meta property=\"og:title\" content=\"Registro\" \/>\n<meta property=\"og:description\" content=\"INSCR\u00cdBETE III Congreso de Canarias de pacientes con c\u00e1ncer y familiares. Si necesita ayuda con la inscripci\u00f3n, llame al 900 100 036. 900 100 036 congresocanarias@contraelcancer.es\" \/>\n<meta property=\"og:url\" content=\"https:\/\/congresos.contraelcancer.es\/islas-canarias\/registro\/\" \/>\n<meta property=\"og:site_name\" content=\"Islas Canarias\" \/>\n<meta property=\"article:modified_time\" content=\"2025-01-29T12:01:38+00:00\" \/>\n<meta name=\"twitter:card\" content=\"summary_large_image\" \/>\n<meta name=\"twitter:label1\" content=\"Tiempo de lectura\" \/>\n\t<meta name=\"twitter:data1\" content=\"1 minuto\" \/>\n<script type=\"application\/ld+json\" class=\"yoast-schema-graph\">{\"@context\":\"https:\/\/schema.org\",\"@graph\":[{\"@type\":\"WebPage\",\"@id\":\"https:\/\/congresos.contraelcancer.es\/islas-canarias\/registro\/\",\"url\":\"https:\/\/congresos.contraelcancer.es\/islas-canarias\/registro\/\",\"name\":\"Registro - Islas Canarias\",\"isPartOf\":{\"@id\":\"https:\/\/congresos.contraelcancer.es\/islas-canarias\/#website\"},\"datePublished\":\"2023-05-12T07:55:09+00:00\",\"dateModified\":\"2025-01-29T12:01:38+00:00\",\"breadcrumb\":{\"@id\":\"https:\/\/congresos.contraelcancer.es\/islas-canarias\/registro\/#breadcrumb\"},\"inLanguage\":\"es\",\"potentialAction\":[{\"@type\":\"ReadAction\",\"target\":[\"https:\/\/congresos.contraelcancer.es\/islas-canarias\/registro\/\"]}]},{\"@type\":\"BreadcrumbList\",\"@id\":\"https:\/\/congresos.contraelcancer.es\/islas-canarias\/registro\/#breadcrumb\",\"itemListElement\":[{\"@type\":\"ListItem\",\"position\":1,\"name\":\"Portada\",\"item\":\"https:\/\/congresos.contraelcancer.es\/islas-canarias\/\"},{\"@type\":\"ListItem\",\"position\":2,\"name\":\"Registro\"}]},{\"@type\":\"WebSite\",\"@id\":\"https:\/\/congresos.contraelcancer.es\/islas-canarias\/#website\",\"url\":\"https:\/\/congresos.contraelcancer.es\/islas-canarias\/\",\"name\":\"Islas Canarias\",\"description\":\"Asociaci\u00f3n espa\u00f1ola contra el c\u00e1ncer\",\"publisher\":{\"@id\":\"https:\/\/congresos.contraelcancer.es\/islas-canarias\/#organization\"},\"potentialAction\":[{\"@type\":\"SearchAction\",\"target\":{\"@type\":\"EntryPoint\",\"urlTemplate\":\"https:\/\/congresos.contraelcancer.es\/islas-canarias\/?s={search_term_string}\"},\"query-input\":{\"@type\":\"PropertyValueSpecification\",\"valueRequired\":true,\"valueName\":\"search_term_string\"}}],\"inLanguage\":\"es\"},{\"@type\":\"Organization\",\"@id\":\"https:\/\/congresos.contraelcancer.es\/islas-canarias\/#organization\",\"name\":\"Islas Canarias\",\"url\":\"https:\/\/congresos.contraelcancer.es\/islas-canarias\/\",\"logo\":{\"@type\":\"ImageObject\",\"inLanguage\":\"es\",\"@id\":\"https:\/\/congresos.contraelcancer.es\/islas-canarias\/#\/schema\/logo\/image\/\",\"url\":\"https:\/\/congresos.contraelcancer.es\/islas-canarias\/wp-content\/uploads\/sites\/11\/2023\/04\/cropped-AECC_logo-460px.png\",\"contentUrl\":\"https:\/\/congresos.contraelcancer.es\/islas-canarias\/wp-content\/uploads\/sites\/11\/2023\/04\/cropped-AECC_logo-460px.png\",\"width\":460,\"height\":145,\"caption\":\"Islas Canarias\"},\"image\":{\"@id\":\"https:\/\/congresos.contraelcancer.es\/islas-canarias\/#\/schema\/logo\/image\/\"}}]}<\/script>\n<!-- \/ Yoast SEO Premium plugin. -->","yoast_head_json":{"title":"Registro - Islas Canarias","robots":{"index":"index","follow":"follow","max-snippet":"max-snippet:-1","max-image-preview":"max-image-preview:large","max-video-preview":"max-video-preview:-1"},"canonical":"https:\/\/congresos.contraelcancer.es\/islas-canarias\/registro\/","og_locale":"es_ES","og_type":"article","og_title":"Registro","og_description":"INSCR\u00cdBETE III Congreso de Canarias de pacientes con c\u00e1ncer y familiares. Si necesita ayuda con la inscripci\u00f3n, llame al 900 100 036. 900 100 036 congresocanarias@contraelcancer.es","og_url":"https:\/\/congresos.contraelcancer.es\/islas-canarias\/registro\/","og_site_name":"Islas Canarias","article_modified_time":"2025-01-29T12:01:38+00:00","twitter_card":"summary_large_image","twitter_misc":{"Tiempo de lectura":"1 minuto"},"schema":{"@context":"https:\/\/schema.org","@graph":[{"@type":"WebPage","@id":"https:\/\/congresos.contraelcancer.es\/islas-canarias\/registro\/","url":"https:\/\/congresos.contraelcancer.es\/islas-canarias\/registro\/","name":"Registro - Islas Canarias","isPartOf":{"@id":"https:\/\/congresos.contraelcancer.es\/islas-canarias\/#website"},"datePublished":"2023-05-12T07:55:09+00:00","dateModified":"2025-01-29T12:01:38+00:00","breadcrumb":{"@id":"https:\/\/congresos.contraelcancer.es\/islas-canarias\/registro\/#breadcrumb"},"inLanguage":"es","potentialAction":[{"@type":"ReadAction","target":["https:\/\/congresos.contraelcancer.es\/islas-canarias\/registro\/"]}]},{"@type":"BreadcrumbList","@id":"https:\/\/congresos.contraelcancer.es\/islas-canarias\/registro\/#breadcrumb","itemListElement":[{"@type":"ListItem","position":1,"name":"Portada","item":"https:\/\/congresos.contraelcancer.es\/islas-canarias\/"},{"@type":"ListItem","position":2,"name":"Registro"}]},{"@type":"WebSite","@id":"https:\/\/congresos.contraelcancer.es\/islas-canarias\/#website","url":"https:\/\/congresos.contraelcancer.es\/islas-canarias\/","name":"Islas Canarias","description":"Asociaci\u00f3n espa\u00f1ola contra el c\u00e1ncer","publisher":{"@id":"https:\/\/congresos.contraelcancer.es\/islas-canarias\/#organization"},"potentialAction":[{"@type":"SearchAction","target":{"@type":"EntryPoint","urlTemplate":"https:\/\/congresos.contraelcancer.es\/islas-canarias\/?s={search_term_string}"},"query-input":{"@type":"PropertyValueSpecification","valueRequired":true,"valueName":"search_term_string"}}],"inLanguage":"es"},{"@type":"Organization","@id":"https:\/\/congresos.contraelcancer.es\/islas-canarias\/#organization","name":"Islas Canarias","url":"https:\/\/congresos.contraelcancer.es\/islas-canarias\/","logo":{"@type":"ImageObject","inLanguage":"es","@id":"https:\/\/congresos.contraelcancer.es\/islas-canarias\/#\/schema\/logo\/image\/","url":"https:\/\/congresos.contraelcancer.es\/islas-canarias\/wp-content\/uploads\/sites\/11\/2023\/04\/cropped-AECC_logo-460px.png","contentUrl":"https:\/\/congresos.contraelcancer.es\/islas-canarias\/wp-content\/uploads\/sites\/11\/2023\/04\/cropped-AECC_logo-460px.png","width":460,"height":145,"caption":"Islas Canarias"},"image":{"@id":"https:\/\/congresos.contraelcancer.es\/islas-canarias\/#\/schema\/logo\/image\/"}}]}},"_links":{"self":[{"href":"https:\/\/congresos.contraelcancer.es\/islas-canarias\/wp-json\/wp\/v2\/pages\/128","targetHints":{"allow":["GET"]}}],"collection":[{"href":"https:\/\/congresos.contraelcancer.es\/islas-canarias\/wp-json\/wp\/v2\/pages"}],"about":[{"href":"https:\/\/congresos.contraelcancer.es\/islas-canarias\/wp-json\/wp\/v2\/types\/page"}],"author":[{"embeddable":true,"href":"https:\/\/congresos.contraelcancer.es\/islas-canarias\/wp-json\/wp\/v2\/users\/1"}],"replies":[{"embeddable":true,"href":"https:\/\/congresos.contraelcancer.es\/islas-canarias\/wp-json\/wp\/v2\/comments?post=128"}],"version-history":[{"count":99,"href":"https:\/\/congresos.contraelcancer.es\/islas-canarias\/wp-json\/wp\/v2\/pages\/128\/revisions"}],"predecessor-version":[{"id":2303,"href":"https:\/\/congresos.contraelcancer.es\/islas-canarias\/wp-json\/wp\/v2\/pages\/128\/revisions\/2303"}],"wp:attachment":[{"href":"https:\/\/congresos.contraelcancer.es\/islas-canarias\/wp-json\/wp\/v2\/media?parent=128"}],"curies":[{"name":"wp","href":"https:\/\/api.w.org\/{rel}","templated":true}]}}