{"id":1652,"date":"2025-06-23T15:03:25","date_gmt":"2025-06-23T13:03:25","guid":{"rendered":"https:\/\/congresos.contraelcancer.es\/castilla-la-mancha\/?page_id=1652"},"modified":"2025-11-13T09:03:52","modified_gmt":"2025-11-13T08:03:52","slug":"registro-14-de-noviembre-2025-cyl","status":"publish","type":"page","link":"https:\/\/congresos.contraelcancer.es\/castilla-la-mancha\/registro-14-de-noviembre-2025-cyl\/","title":{"rendered":"Registro 14 de Noviembre 2025 CYL"},"content":{"rendered":"\t\t<div data-elementor-type=\"wp-page\" data-elementor-id=\"1652\" class=\"elementor elementor-1652\" data-elementor-post-type=\"page\">\n\t\t\t\t\t\t<section class=\"elementor-section elementor-top-section elementor-element elementor-element-b06082b elementor-section-full_width elementor-section-height-default elementor-section-height-default\" data-id=\"b06082b\" data-element_type=\"section\" data-e-type=\"section\">\n\t\t\t\t\t\t<div class=\"elementor-container elementor-column-gap-default\">\n\t\t\t\t\t<div class=\"elementor-column elementor-col-50 elementor-top-column elementor-element elementor-element-69760d2\" data-id=\"69760d2\" data-element_type=\"column\" data-e-type=\"column\">\n\t\t\t<div class=\"elementor-widget-wrap elementor-element-populated\">\n\t\t\t\t\t\t<div class=\"elementor-element elementor-element-e2bac20 elementor-widget elementor-widget-text-editor\" data-id=\"e2bac20\" data-element_type=\"widget\" data-e-type=\"widget\" data-widget_type=\"text-editor.default\">\n\t\t\t\t\t\t\t\t\t<p>INSCR\u00cdBETE<\/p>\t\t\t\t\t\t\t\t<\/div>\n\t\t\t\t<div class=\"elementor-element elementor-element-d4deb8b elementor-widget elementor-widget-heading\" data-id=\"d4deb8b\" data-element_type=\"widget\" data-e-type=\"widget\" data-widget_type=\"heading.default\">\n\t\t\t\t\t<h2 class=\"elementor-heading-title elementor-size-default\">III Congreso Castilla La Mancha de personas con c\u00e1ncer y familiares <\/h2>\t\t\t\t<\/div>\n\t\t\t\t<div class=\"elementor-element elementor-element-0eabc07 elementor-widget elementor-widget-shortcode\" data-id=\"0eabc07\" data-element_type=\"widget\" data-e-type=\"widget\" data-widget_type=\"shortcode.default\">\n\t\t\t\t\t\t\t<div class=\"elementor-shortcode\"><div id='ff_form_3' class='ff_form_not_render'>\u00a1Muchas gracias por tu inter\u00e9s, hemos cerrado las inscripciones al haber completado el aforo, esperamos verte pronto!<\/div><\/div>\n\t\t\t\t\t\t<\/div>\n\t\t\t\t\t<\/div>\n\t\t<\/div>\n\t\t\t\t<div class=\"elementor-column elementor-col-50 elementor-top-column elementor-element elementor-element-37b083d\" data-id=\"37b083d\" data-element_type=\"column\" data-e-type=\"column\" data-settings=\"{&quot;background_background&quot;:&quot;classic&quot;}\">\n\t\t\t<div class=\"elementor-widget-wrap elementor-element-populated\">\n\t\t\t\t\t\t<div class=\"elementor-element elementor-element-2b7ef22 elementor-widget elementor-widget-spacer\" data-id=\"2b7ef22\" data-element_type=\"widget\" data-e-type=\"widget\" data-widget_type=\"spacer.default\">\n\t\t\t\t\t\t\t<div class=\"elementor-spacer\">\n\t\t\t<div class=\"elementor-spacer-inner\"><\/div>\n\t\t<\/div>\n\t\t\t\t\t\t<\/div>\n\t\t\t\t\t<\/div>\n\t\t<\/div>\n\t\t\t\t\t<\/div>\n\t\t<\/section>\n\t\t\t\t<section class=\"elementor-section elementor-top-section elementor-element elementor-element-e368c3f elementor-section-stretched elementor-section-boxed elementor-section-height-default elementor-section-height-default\" data-id=\"e368c3f\" data-element_type=\"section\" data-e-type=\"section\" data-settings=\"{&quot;stretch_section&quot;:&quot;section-stretched&quot;,&quot;background_background&quot;:&quot;classic&quot;}\">\n\t\t\t\t\t\t<div class=\"elementor-container elementor-column-gap-default\">\n\t\t\t\t\t<div class=\"elementor-column elementor-col-100 elementor-top-column elementor-element elementor-element-ec6d847\" data-id=\"ec6d847\" data-element_type=\"column\" data-e-type=\"column\">\n\t\t\t<div class=\"elementor-widget-wrap elementor-element-populated\">\n\t\t\t\t\t\t<div class=\"elementor-element elementor-element-900caf3 elementor-position-inline-start elementor-mobile-position-inline-start elementor-widget__width-auto elementor-view-default elementor-widget elementor-widget-icon-box\" data-id=\"900caf3\" data-element_type=\"widget\" data-e-type=\"widget\" data-widget_type=\"icon-box.default\">\n\t\t\t\t\t\t\t<div class=\"elementor-icon-box-wrapper\">\n\n\t\t\t\t\t\t<div class=\"elementor-icon-box-icon\">\n\t\t\t\t<span  class=\"elementor-icon\">\n\t\t\t\t<svg xmlns=\"http:\/\/www.w3.org\/2000\/svg\" xmlns:xlink=\"http:\/\/www.w3.org\/1999\/xlink\" id=\"Capa_1\" x=\"0px\" y=\"0px\" viewBox=\"0 0 39 39\" style=\"enable-background:new 0 0 39 39;\" xml:space=\"preserve\"><style type=\"text\/css\">\t.st0{fill:#001955;}<\/style><path class=\"st0\" d=\"M28.2,35.7c-6.6,0-13-2.6-17.7-7.3c-4.7-4.7-7.3-11-7.3-17.7c0-2,0.8-3.9,2.2-5.3s3.3-2.2,5.3-2.2 c0.4,0,0.8,0,1.2,0.1c0.4,0.1,0.8,0.2,1.2,0.3c0.3,0.1,0.5,0.3,0.7,0.5c0.2,0.2,0.3,0.5,0.4,0.7l2.2,9.7c0.1,0.3,0.1,0.5,0,0.8 c-0.1,0.3-0.2,0.5-0.4,0.7c-0.2,0.2-0.2,0.2-2.2,1.3c1.6,3.5,4.4,6.3,7.9,7.9c1.1-2,1.1-2,1.3-2.2c0.2-0.2,0.4-0.3,0.7-0.4 c0.3-0.1,0.5-0.1,0.8,0l9.7,2.2c0.3,0.1,0.5,0.2,0.7,0.4c0.2,0.2,0.4,0.4,0.4,0.7c0.1,0.4,0.2,0.8,0.3,1.2c0.1,0.4,0.1,0.8,0.1,1.2 c0,2-0.8,3.9-2.2,5.2C32.1,35,30.2,35.7,28.2,35.7z\"><\/path><\/svg>\t\t\t\t<\/span>\n\t\t\t<\/div>\n\t\t\t\n\t\t\t\t\t\t<div class=\"elementor-icon-box-content\">\n\n\t\t\t\t\t\t\t\t\t<p class=\"elementor-icon-box-title\">\n\t\t\t\t\t\t<span  >\n\t\t\t\t\t\t\t900 100 036\t\t\t\t\t\t<\/span>\n\t\t\t\t\t<\/p>\n\t\t\t\t\n\t\t\t\t\n\t\t\t<\/div>\n\t\t\t\n\t\t<\/div>\n\t\t\t\t\t\t<\/div>\n\t\t\t\t<div class=\"elementor-element elementor-element-1e95aac elementor-position-inline-start elementor-mobile-position-inline-start elementor-widget__width-auto elementor-view-default elementor-widget elementor-widget-icon-box\" data-id=\"1e95aac\" data-element_type=\"widget\" data-e-type=\"widget\" data-widget_type=\"icon-box.default\">\n\t\t\t\t\t\t\t<div class=\"elementor-icon-box-wrapper\">\n\n\t\t\t\t\t\t<div class=\"elementor-icon-box-icon\">\n\t\t\t\t<span  class=\"elementor-icon\">\n\t\t\t\t<svg xmlns=\"http:\/\/www.w3.org\/2000\/svg\" xmlns:xlink=\"http:\/\/www.w3.org\/1999\/xlink\" id=\"Capa_1\" x=\"0px\" y=\"0px\" viewBox=\"0 0 39 31\" style=\"enable-background:new 0 0 39 31;\" xml:space=\"preserve\"><style type=\"text\/css\">\t.st0{fill:#001955;}<\/style><path class=\"st0\" d=\"M7.1,0C3.7,0,0.9,2.8,0.9,6.2v0.6l18.6,10l18.6-10V6.2c0-3.4-2.8-6.2-6.2-6.2H7.1z\"><\/path><path class=\"st0\" d=\"M38.1,10.4L20.3,20c-0.5,0.2-1,0.2-1.5,0L0.9,10.4v14.4c0,3.4,2.8,6.2,6.2,6.2h24.8c3.4,0,6.2-2.8,6.2-6.2V10.4 z\"><\/path><\/svg>\t\t\t\t<\/span>\n\t\t\t<\/div>\n\t\t\t\n\t\t\t\t\t\t<div class=\"elementor-icon-box-content\">\n\n\t\t\t\t\t\t\t\t\t<p class=\"elementor-icon-box-title\">\n\t\t\t\t\t\t<span  >\n\t\t\t\t\t\t\tcuenca@contraelcancer.es\t\t\t\t\t\t<\/span>\n\t\t\t\t\t<\/p>\n\t\t\t\t\n\t\t\t\t\n\t\t\t<\/div>\n\t\t\t\n\t\t<\/div>\n\t\t\t\t\t\t<\/div>\n\t\t\t\t\t<\/div>\n\t\t<\/div>\n\t\t\t\t\t<\/div>\n\t\t<\/section>\n\t\t\t\t<\/div>\n\t\t","protected":false},"excerpt":{"rendered":"<p>INSCR\u00cdBETE III Congreso Castilla La Mancha de personas con c\u00e1ncer y familiares 900 100 036 cuenca@contraelcancer.es<\/p>\n","protected":false},"author":16,"featured_media":0,"parent":0,"menu_order":0,"comment_status":"closed","ping_status":"closed","template":"elementor_header_footer","meta":{"_acf_changed":false,"footnotes":""},"class_list":["post-1652","page","type-page","status-publish","hentry"],"acf":[],"yoast_head":"<!-- This site is optimized with the Yoast SEO Premium plugin v21.3 (Yoast SEO v27.5) - https:\/\/yoast.com\/product\/yoast-seo-premium-wordpress\/ -->\n<title>Registro 14 de Noviembre 2025 CYL - Castilla La Mancha<\/title>\n<meta name=\"robots\" content=\"index, follow, max-snippet:-1, max-image-preview:large, max-video-preview:-1\" \/>\n<link rel=\"canonical\" href=\"https:\/\/congresos.contraelcancer.es\/castilla-la-mancha\/registro-14-de-noviembre-2025-cyl\/\" \/>\n<meta property=\"og:locale\" content=\"es_ES\" \/>\n<meta property=\"og:type\" content=\"article\" \/>\n<meta property=\"og:title\" content=\"Registro 14 de Noviembre 2025 CYL\" \/>\n<meta property=\"og:description\" content=\"INSCR\u00cdBETE III Congreso Castilla La Mancha de personas con c\u00e1ncer y familiares 900 100 036 cuenca@contraelcancer.es\" \/>\n<meta property=\"og:url\" content=\"https:\/\/congresos.contraelcancer.es\/castilla-la-mancha\/registro-14-de-noviembre-2025-cyl\/\" \/>\n<meta property=\"og:site_name\" content=\"Castilla La Mancha\" \/>\n<meta property=\"article:modified_time\" content=\"2025-11-13T08:03:52+00:00\" \/>\n<meta name=\"twitter:card\" content=\"summary_large_image\" \/>\n<meta name=\"twitter:label1\" content=\"Tiempo de lectura\" \/>\n\t<meta name=\"twitter:data1\" content=\"1 minuto\" \/>\n<script type=\"application\/ld+json\" class=\"yoast-schema-graph\">{\"@context\":\"https:\\\/\\\/schema.org\",\"@graph\":[{\"@type\":\"WebPage\",\"@id\":\"https:\\\/\\\/congresos.contraelcancer.es\\\/castilla-la-mancha\\\/registro-14-de-noviembre-2025-cyl\\\/\",\"url\":\"https:\\\/\\\/congresos.contraelcancer.es\\\/castilla-la-mancha\\\/registro-14-de-noviembre-2025-cyl\\\/\",\"name\":\"Registro 14 de Noviembre 2025 CYL - Castilla La Mancha\",\"isPartOf\":{\"@id\":\"https:\\\/\\\/congresos.contraelcancer.es\\\/castilla-la-mancha\\\/#website\"},\"datePublished\":\"2025-06-23T13:03:25+00:00\",\"dateModified\":\"2025-11-13T08:03:52+00:00\",\"breadcrumb\":{\"@id\":\"https:\\\/\\\/congresos.contraelcancer.es\\\/castilla-la-mancha\\\/registro-14-de-noviembre-2025-cyl\\\/#breadcrumb\"},\"inLanguage\":\"es\",\"potentialAction\":[{\"@type\":\"ReadAction\",\"target\":[\"https:\\\/\\\/congresos.contraelcancer.es\\\/castilla-la-mancha\\\/registro-14-de-noviembre-2025-cyl\\\/\"]}]},{\"@type\":\"BreadcrumbList\",\"@id\":\"https:\\\/\\\/congresos.contraelcancer.es\\\/castilla-la-mancha\\\/registro-14-de-noviembre-2025-cyl\\\/#breadcrumb\",\"itemListElement\":[{\"@type\":\"ListItem\",\"position\":1,\"name\":\"Portada\",\"item\":\"https:\\\/\\\/congresos.contraelcancer.es\\\/castilla-la-mancha\\\/\"},{\"@type\":\"ListItem\",\"position\":2,\"name\":\"Registro 14 de Noviembre 2025 CYL\"}]},{\"@type\":\"WebSite\",\"@id\":\"https:\\\/\\\/congresos.contraelcancer.es\\\/castilla-la-mancha\\\/#website\",\"url\":\"https:\\\/\\\/congresos.contraelcancer.es\\\/castilla-la-mancha\\\/\",\"name\":\"Andaluc\u00eda\",\"description\":\"Asociaci\u00f3n espa\u00f1ola contra el c\u00e1ncer\",\"publisher\":{\"@id\":\"https:\\\/\\\/congresos.contraelcancer.es\\\/castilla-la-mancha\\\/#organization\"},\"potentialAction\":[{\"@type\":\"SearchAction\",\"target\":{\"@type\":\"EntryPoint\",\"urlTemplate\":\"https:\\\/\\\/congresos.contraelcancer.es\\\/castilla-la-mancha\\\/?s={search_term_string}\"},\"query-input\":{\"@type\":\"PropertyValueSpecification\",\"valueRequired\":true,\"valueName\":\"search_term_string\"}}],\"inLanguage\":\"es\"},{\"@type\":\"Organization\",\"@id\":\"https:\\\/\\\/congresos.contraelcancer.es\\\/castilla-la-mancha\\\/#organization\",\"name\":\"Andaluc\u00eda\",\"url\":\"https:\\\/\\\/congresos.contraelcancer.es\\\/castilla-la-mancha\\\/\",\"logo\":{\"@type\":\"ImageObject\",\"inLanguage\":\"es\",\"@id\":\"https:\\\/\\\/congresos.contraelcancer.es\\\/castilla-la-mancha\\\/#\\\/schema\\\/logo\\\/image\\\/\",\"url\":\"https:\\\/\\\/congresos.contraelcancer.es\\\/castilla-la-mancha\\\/wp-content\\\/uploads\\\/sites\\\/17\\\/2023\\\/04\\\/cropped-AECC_logo-460px.png\",\"contentUrl\":\"https:\\\/\\\/congresos.contraelcancer.es\\\/castilla-la-mancha\\\/wp-content\\\/uploads\\\/sites\\\/17\\\/2023\\\/04\\\/cropped-AECC_logo-460px.png\",\"width\":460,\"height\":145,\"caption\":\"Andaluc\u00eda\"},\"image\":{\"@id\":\"https:\\\/\\\/congresos.contraelcancer.es\\\/castilla-la-mancha\\\/#\\\/schema\\\/logo\\\/image\\\/\"}}]}<\/script>\n<!-- \/ Yoast SEO Premium plugin. -->","yoast_head_json":{"title":"Registro 14 de Noviembre 2025 CYL - Castilla La Mancha","robots":{"index":"index","follow":"follow","max-snippet":"max-snippet:-1","max-image-preview":"max-image-preview:large","max-video-preview":"max-video-preview:-1"},"canonical":"https:\/\/congresos.contraelcancer.es\/castilla-la-mancha\/registro-14-de-noviembre-2025-cyl\/","og_locale":"es_ES","og_type":"article","og_title":"Registro 14 de Noviembre 2025 CYL","og_description":"INSCR\u00cdBETE III Congreso Castilla La Mancha de personas con c\u00e1ncer y familiares 900 100 036 cuenca@contraelcancer.es","og_url":"https:\/\/congresos.contraelcancer.es\/castilla-la-mancha\/registro-14-de-noviembre-2025-cyl\/","og_site_name":"Castilla La Mancha","article_modified_time":"2025-11-13T08:03:52+00:00","twitter_card":"summary_large_image","twitter_misc":{"Tiempo de lectura":"1 minuto"},"schema":{"@context":"https:\/\/schema.org","@graph":[{"@type":"WebPage","@id":"https:\/\/congresos.contraelcancer.es\/castilla-la-mancha\/registro-14-de-noviembre-2025-cyl\/","url":"https:\/\/congresos.contraelcancer.es\/castilla-la-mancha\/registro-14-de-noviembre-2025-cyl\/","name":"Registro 14 de Noviembre 2025 CYL - Castilla La Mancha","isPartOf":{"@id":"https:\/\/congresos.contraelcancer.es\/castilla-la-mancha\/#website"},"datePublished":"2025-06-23T13:03:25+00:00","dateModified":"2025-11-13T08:03:52+00:00","breadcrumb":{"@id":"https:\/\/congresos.contraelcancer.es\/castilla-la-mancha\/registro-14-de-noviembre-2025-cyl\/#breadcrumb"},"inLanguage":"es","potentialAction":[{"@type":"ReadAction","target":["https:\/\/congresos.contraelcancer.es\/castilla-la-mancha\/registro-14-de-noviembre-2025-cyl\/"]}]},{"@type":"BreadcrumbList","@id":"https:\/\/congresos.contraelcancer.es\/castilla-la-mancha\/registro-14-de-noviembre-2025-cyl\/#breadcrumb","itemListElement":[{"@type":"ListItem","position":1,"name":"Portada","item":"https:\/\/congresos.contraelcancer.es\/castilla-la-mancha\/"},{"@type":"ListItem","position":2,"name":"Registro 14 de Noviembre 2025 CYL"}]},{"@type":"WebSite","@id":"https:\/\/congresos.contraelcancer.es\/castilla-la-mancha\/#website","url":"https:\/\/congresos.contraelcancer.es\/castilla-la-mancha\/","name":"Andaluc\u00eda","description":"Asociaci\u00f3n espa\u00f1ola contra el c\u00e1ncer","publisher":{"@id":"https:\/\/congresos.contraelcancer.es\/castilla-la-mancha\/#organization"},"potentialAction":[{"@type":"SearchAction","target":{"@type":"EntryPoint","urlTemplate":"https:\/\/congresos.contraelcancer.es\/castilla-la-mancha\/?s={search_term_string}"},"query-input":{"@type":"PropertyValueSpecification","valueRequired":true,"valueName":"search_term_string"}}],"inLanguage":"es"},{"@type":"Organization","@id":"https:\/\/congresos.contraelcancer.es\/castilla-la-mancha\/#organization","name":"Andaluc\u00eda","url":"https:\/\/congresos.contraelcancer.es\/castilla-la-mancha\/","logo":{"@type":"ImageObject","inLanguage":"es","@id":"https:\/\/congresos.contraelcancer.es\/castilla-la-mancha\/#\/schema\/logo\/image\/","url":"https:\/\/congresos.contraelcancer.es\/castilla-la-mancha\/wp-content\/uploads\/sites\/17\/2023\/04\/cropped-AECC_logo-460px.png","contentUrl":"https:\/\/congresos.contraelcancer.es\/castilla-la-mancha\/wp-content\/uploads\/sites\/17\/2023\/04\/cropped-AECC_logo-460px.png","width":460,"height":145,"caption":"Andaluc\u00eda"},"image":{"@id":"https:\/\/congresos.contraelcancer.es\/castilla-la-mancha\/#\/schema\/logo\/image\/"}}]}},"_links":{"self":[{"href":"https:\/\/congresos.contraelcancer.es\/castilla-la-mancha\/wp-json\/wp\/v2\/pages\/1652","targetHints":{"allow":["GET"]}}],"collection":[{"href":"https:\/\/congresos.contraelcancer.es\/castilla-la-mancha\/wp-json\/wp\/v2\/pages"}],"about":[{"href":"https:\/\/congresos.contraelcancer.es\/castilla-la-mancha\/wp-json\/wp\/v2\/types\/page"}],"author":[{"embeddable":true,"href":"https:\/\/congresos.contraelcancer.es\/castilla-la-mancha\/wp-json\/wp\/v2\/users\/16"}],"replies":[{"embeddable":true,"href":"https:\/\/congresos.contraelcancer.es\/castilla-la-mancha\/wp-json\/wp\/v2\/comments?post=1652"}],"version-history":[{"count":31,"href":"https:\/\/congresos.contraelcancer.es\/castilla-la-mancha\/wp-json\/wp\/v2\/pages\/1652\/revisions"}],"predecessor-version":[{"id":1941,"href":"https:\/\/congresos.contraelcancer.es\/castilla-la-mancha\/wp-json\/wp\/v2\/pages\/1652\/revisions\/1941"}],"wp:attachment":[{"href":"https:\/\/congresos.contraelcancer.es\/castilla-la-mancha\/wp-json\/wp\/v2\/media?parent=1652"}],"curies":[{"name":"wp","href":"https:\/\/api.w.org\/{rel}","templated":true}]}}